{"id":10,"date":"2026-05-03T03:09:41","date_gmt":"2026-05-03T03:09:41","guid":{"rendered":"https:\/\/profithome.cl\/?page_id=10"},"modified":"2026-05-03T05:35:08","modified_gmt":"2026-05-03T05:35:08","slug":"inicio","status":"publish","type":"page","link":"https:\/\/profithome.cl\/","title":{"rendered":"INICIO"},"content":{"rendered":"<p>[et_pb_section fb_built=\u00bb1&#8243; next_background_color=\u00bb#ffffff\u00bb admin_label=\u00bbHeader\u00bb _builder_version=\u00bb4.27.6&#8243; _module_preset=\u00bba8b0c1ad-a688-40ba-954a-ec1d91d9096c\u00bb use_background_color_gradient=\u00bboff\u00bb background_image=\u00bbhttps:\/\/profithome.cl\/wp-content\/uploads\/2026\/05\/header.png\u00bb background_enable_image=\u00bbon\u00bb height=\u00bb800px\u00bb bottom_divider_style=\u00bbasymmetric4&#8243; hover_enabled=\u00bb0&#8243; collapsed=\u00bbon\u00bb global_colors_info=\u00bb{%22gcid-1f1bf5fb-a99d-4acc-8d9e-ddac074c158c%22:%91%22background_color_gradient_stops%22,%22background_color_gradient_stops%22%93,%22gcid-4c79ba3d-a281-4fb6-9b14-02f9a4c793f2%22:%91%22background_color_gradient_stops%22,%22background_color_gradient_stops%22%93,%22gcid-688c464a-d6f2-4296-b592-395352c71c79%22:%91%22background_color_gradient_stops%22,%22background_color_gradient_stops%22%93,%22gcid-d119accd-44d7-4f2f-b9d7-599c8463324b%22:%91%22background_color_gradient_stops%22,%22background_color_gradient_stops%22%93}\u00bb sticky_enabled=\u00bb0&#8243;][et_pb_row _builder_version=\u00bb4.27.6&#8243; _module_preset=\u00bbdefault\u00bb custom_margin=\u00bb100px||||false|false\u00bb hover_enabled=\u00bb0&#8243; global_colors_info=\u00bb{}\u00bb sticky_enabled=\u00bb0&#8243; custom_padding=\u00bb||||false|false\u00bb][et_pb_column type=\u00bb4_4&#8243; _builder_version=\u00bb4.25.1&#8243; _module_preset=\u00bbdefault\u00bb global_colors_info=\u00bb{}\u00bb][et_pb_heading title=\u00bbTu tranquilidad es nuestra prioridad\u00bb _builder_version=\u00bb4.27.6&#8243; _module_preset=\u00bbc68774f9-763b-486c-97cb-eaade2581e47&#8243; title_text_align=\u00bbcenter\u00bb title_font_size=\u00bb65px\u00bb custom_margin=\u00bb||10px||false|false\u00bb hover_enabled=\u00bb0&#8243; global_colors_info=\u00bb{}\u00bb title_text_shadow_style=\u00bbpreset3&#8243; title_text_shadow_blur_strength=\u00bb0.43em\u00bb sticky_enabled=\u00bb0&#8243; title_text_shadow_color=\u00bb#FFFFFF\u00bb][\/et_pb_heading][et_pb_text _builder_version=\u00bb4.27.6&#8243; _module_preset=\u00bb14d3e0b2-a66c-4664-81bc-6bffe3b24a9a\u00bb text_font=\u00bbInter|||||on|||\u00bb text_font_size=\u00bb18px\u00bb text_orientation=\u00bbcenter\u00bb hover_enabled=\u00bb0&#8243; global_colors_info=\u00bb{}\u00bb text_text_color=\u00bb#3d3d3d\u00bb sticky_enabled=\u00bb0&#8243; text_text_shadow_style=\u00bbpreset3&#8243; text_text_shadow_blur_strength=\u00bb0.5em\u00bb text_text_shadow_color=\u00bb#FFFFFF\u00bb]<\/p>\n<p>Deja todo en nuestras manos y haz que tu propiedad trabaje por ti<\/p>\n<p>[\/et_pb_text][\/et_pb_column][\/et_pb_row][\/et_pb_section][et_pb_section fb_built=\u00bb1&#8243; specialty=\u00bbon\u00bb admin_label=\u00bbHow You Can Help\u00bb _builder_version=\u00bb4.27.6&#8243; _module_preset=\u00bbdefault\u00bb collapsed=\u00bbon\u00bb global_colors_info=\u00bb{}\u00bb][et_pb_column type=\u00bb1_2&#8243; _builder_version=\u00bb4.16&#8243; _module_preset=\u00bbdefault\u00bb custom_padding=\u00bb|||\u00bb global_colors_info=\u00bb{}\u00bb custom_padding__hover=\u00bb|||\u00bb][et_pb_heading title=\u00bbQuienes Somos\u00bb module_id=\u00bbquienes\u00bb _builder_version=\u00bb4.27.6&#8243; _module_preset=\u00bbdde760e4-881f-4ca3-9a9d-8adac9346195&#8243; title_text_align=\u00bbleft\u00bb global_colors_info=\u00bb{}\u00bb][\/et_pb_heading][et_pb_text _builder_version=\u00bb4.27.6&#8243; _module_preset=\u00bbdefault\u00bb text_orientation=\u00bbjustified\u00bb global_colors_info=\u00bb{}\u00bb]<\/p>\n<p>ProfitHome nace con el prop\u00f3sito de ayudar a propietarios a obtener la m\u00e1xima rentabilidad de sus departamentos a trav\u00e9s de Airbnb, sin que tengan que preocuparse de nada.<\/p>\n<p>Nos especializamos en la administraci\u00f3n integral de propiedades para renta corta. Nuestro equipo profesional se encarga de todo: publicaci\u00f3n estrat\u00e9gica, optimizaci\u00f3n din\u00e1mica de precios, atenci\u00f3n a hu\u00e9spedes 24\/7, coordinaci\u00f3n de mantenciones y seguimiento constante del rendimiento.<br \/>Contamos adem\u00e1s con un equipo de mucamas capacitadas que realizan aseo premium con est\u00e1ndar hotelero, asegurando una presentaci\u00f3n impecable en cada estad\u00eda y mejores evaluaciones.<\/p>\n<p>Trabajamos con un enfoque cercano, transparente y orientado a resultados, para maximizar tus ingresos y entregarte total tranquilidad.<\/p>\n<p>Jaime Z\u00fa\u00f1iga es fundador de ProfitHome y cuenta con a\u00f1os de experiencia en la administraci\u00f3n de propiedades destinadas a renta corta, especializ\u00e1ndose en la optimizaci\u00f3n y gesti\u00f3n estrat\u00e9gica de arriendos a trav\u00e9s de Airbnb.<\/p>\n<p>Es Dise\u00f1ador Industrial, Corredor de Propiedades y Diplomado en Derecho Inmobiliario de la Universidad Andr\u00e9s Bello, formaci\u00f3n que le permite integrar una visi\u00f3n comercial, legal y estrat\u00e9gica en cada proyecto que administra.<\/p>\n<p>Su experiencia combina el conocimiento del mercado inmobiliario con la gesti\u00f3n operativa de arriendos de corta estad\u00eda, enfoc\u00e1ndose en maximizar la rentabilidad, proteger el patrimonio de sus clientes y asegurar una operaci\u00f3n eficiente y profesional.<\/p>\n<p>[\/et_pb_text][\/et_pb_column][et_pb_column type=\u00bb1_2&#8243; specialty_columns=\u00bb2&#8243; _builder_version=\u00bb4.16&#8243; _module_preset=\u00bbdefault\u00bb custom_padding=\u00bb|||\u00bb global_colors_info=\u00bb{}\u00bb custom_padding__hover=\u00bb|||\u00bb][et_pb_row_inner column_structure=\u00bb1_2,1_2&#8243; use_custom_gutter=\u00bbon\u00bb gutter_width=\u00bb2&#8243; _builder_version=\u00bb4.27.6&#8243; _module_preset=\u00bbdefault\u00bb custom_margin=\u00bb100px||||false|false\u00bb global_colors_info=\u00bb{}\u00bb][et_pb_column_inner type=\u00bb1_2&#8243; saved_specialty_column_type=\u00bb1_2&#8243; _builder_version=\u00bb4.25.1&#8243; _module_preset=\u00bbdefault\u00bb global_colors_info=\u00bb{}\u00bb][et_pb_image src=\u00bbhttps:\/\/profithome.cl\/wp-content\/uploads\/2026\/05\/non-profit-10.jpg\u00bb title_text=\u00bbnon-profit-10&#8243; _builder_version=\u00bb4.25.2&#8243; _module_preset=\u00bbc8c809bd-1187-4b6e-86a0-bfe7cce7d726&#8243; global_colors_info=\u00bb{}\u00bb][\/et_pb_image][et_pb_image src=\u00bbhttps:\/\/profithome.cl\/wp-content\/uploads\/2026\/05\/jaime.jpg\u00bb title_text=\u00bbjaime\u00bb _builder_version=\u00bb4.27.6&#8243; _module_preset=\u00bbc8c809bd-1187-4b6e-86a0-bfe7cce7d726&#8243; custom_margin=\u00bb30px||||false|false\u00bb custom_margin_last_edited=\u00bboff|phone\u00bb global_colors_info=\u00bb{}\u00bb][\/et_pb_image][\/et_pb_column_inner][et_pb_column_inner type=\u00bb1_2&#8243; saved_specialty_column_type=\u00bb1_2&#8243; _builder_version=\u00bb4.25.1&#8243; _module_preset=\u00bbdefault\u00bb global_colors_info=\u00bb{}\u00bb][et_pb_image src=\u00bbhttps:\/\/profithome.cl\/wp-content\/uploads\/2026\/05\/WhatsApp-Image-2026-05-02-at-20.11.59.jpeg\u00bb title_text=\u00bblogo\u00bb _builder_version=\u00bb4.27.6&#8243; _module_preset=\u00bbc8c809bd-1187-4b6e-86a0-bfe7cce7d726&#8243; locked=\u00bboff\u00bb global_colors_info=\u00bb{}\u00bb][\/et_pb_image][et_pb_image src=\u00bbhttps:\/\/profithome.cl\/wp-content\/uploads\/2026\/05\/non-profit-04.jpg\u00bb title_text=\u00bbnon-profit-04&#8243; _builder_version=\u00bb4.25.2&#8243; _module_preset=\u00bbc8c809bd-1187-4b6e-86a0-bfe7cce7d726&#8243; custom_margin=\u00bb30px||||false|false\u00bb locked=\u00bboff\u00bb global_colors_info=\u00bb{}\u00bb][\/et_pb_image][\/et_pb_column_inner][\/et_pb_row_inner][\/et_pb_column][\/et_pb_section][et_pb_section fb_built=\u00bb1&#8243; admin_label=\u00bbPrograms\u00bb _builder_version=\u00bb4.27.6&#8243; _module_preset=\u00bbb2e98cf8-59df-4e39-9433-6e1d3089958d\u00bb collapsed=\u00bbon\u00bb][et_pb_row _builder_version=\u00bb4.25.1&#8243; _module_preset=\u00bbdefault\u00bb global_colors_info=\u00bb{}\u00bb][et_pb_column type=\u00bb4_4&#8243; _builder_version=\u00bb4.25.1&#8243; _module_preset=\u00bbdefault\u00bb global_colors_info=\u00bb{}\u00bb][et_pb_heading title=\u00bbNuestros Servicios\u00bb module_id=\u00bbservicios\u00bb _builder_version=\u00bb4.27.6&#8243; _module_preset=\u00bbdde760e4-881f-4ca3-9a9d-8adac9346195&#8243; title_text_align=\u00bbcenter\u00bb global_colors_info=\u00bb{}\u00bb][\/et_pb_heading][\/et_pb_column][\/et_pb_row][et_pb_row column_structure=\u00bb1_3,1_3,1_3&#8243; _builder_version=\u00bb4.25.1&#8243; _module_preset=\u00bbdefault\u00bb global_colors_info=\u00bb{}\u00bb][et_pb_column type=\u00bb1_3&#8243; _builder_version=\u00bb4.25.1&#8243; _module_preset=\u00bbdefault\u00bb global_colors_info=\u00bb{}\u00bb][et_pb_image src=\u00bbhttps:\/\/profithome.cl\/wp-content\/uploads\/2026\/05\/happy-family-enjoying-time-together-scaled.jpg\u00bb title_text=\u00bbnon-profit-08&#8243; _builder_version=\u00bb4.27.6&#8243; _module_preset=\u00bbc8c809bd-1187-4b6e-86a0-bfe7cce7d726&#8243; custom_margin=\u00bb||||false|false\u00bb global_colors_info=\u00bb{}\u00bb][\/et_pb_image][et_pb_toggle title=\u00bbAtenci\u00f3n a Hu\u00e9spedes 24\/7&#8243; open_toggle_text_color=\u00bb#000000&#8243; open_toggle_background_color=\u00bbRGBA(255,255,255,0)\u00bb closed_toggle_background_color=\u00bbRGBA(255,255,255,0)\u00bb icon_color=\u00bb#000000&#8243; _builder_version=\u00bb4.27.6&#8243; _module_preset=\u00bbdefault\u00bb title_text_color=\u00bb#000000&#8243; title_font=\u00bbUrbanist||||||||\u00bb title_text_align=\u00bbcenter\u00bb title_font_size=\u00bb18px\u00bb closed_title_font_size=\u00bb18px\u00bb border_width_all=\u00bb0px\u00bb global_colors_info=\u00bb{}\u00bb]<\/p>\n<p style=\"text-align: justify;\">Nos encargamos de todo el proceso, desde el primer contacto hasta el acompa\u00f1amiento durante toda la estad\u00eda. Brindamos respuesta oportuna, coordinaci\u00f3n eficiente y asistencia permanente para garantizar una experiencia segura y sin inconvenientes.<br \/>El resultado: hu\u00e9spedes satisfechos, excelentes evaluaciones y mayor rentabilidad para tu propiedad.<\/p>\n<p>[\/et_pb_toggle][\/et_pb_column][et_pb_column type=\u00bb1_3&#8243; _builder_version=\u00bb4.25.1&#8243; _module_preset=\u00bbdefault\u00bb global_colors_info=\u00bb{}\u00bb][et_pb_image src=\u00bbhttps:\/\/profithome.cl\/wp-content\/uploads\/2026\/05\/hotel-maid-changing-bed-sheet-scaled.jpg\u00bb title_text=\u00bbnon-profit-07&#8243; _builder_version=\u00bb4.27.6&#8243; _module_preset=\u00bbc8c809bd-1187-4b6e-86a0-bfe7cce7d726&#8243; custom_margin=\u00bb||||false|false\u00bb global_colors_info=\u00bb{}\u00bb][\/et_pb_image][et_pb_toggle title=\u00bbLimpieza Profesional con Est\u00e1ndar Hotelero\u00bb open_toggle_text_color=\u00bb#000000&#8243; open_toggle_background_color=\u00bbRGBA(255,255,255,0)\u00bb closed_toggle_background_color=\u00bbRGBA(255,255,255,0)\u00bb icon_color=\u00bb#000000&#8243; _builder_version=\u00bb4.27.6&#8243; _module_preset=\u00bbdefault\u00bb title_text_color=\u00bb#000000&#8243; title_font=\u00bbUrbanist||||||||\u00bb title_text_align=\u00bbcenter\u00bb title_font_size=\u00bb18px\u00bb closed_title_font_size=\u00bb18px\u00bb border_width_all=\u00bb0px\u00bb global_colors_info=\u00bb{}\u00bb]<\/p>\n<p style=\"text-align: justify;\">Contamos con un equipo de mucamas capacitadas y con experiencia en hospitalidad, que aseguran una preparaci\u00f3n impecable de tu propiedad en cada cambio de hu\u00e9sped.<br \/>Realizamos una limpieza profunda y detallada, incluyendo el lavado y renovaci\u00f3n de s\u00e1banas, fundas, cobertores y toallas, garantizando blancos frescos y perfectamente presentados en cada estad\u00eda.<br \/>Un espacio impecable no solo genera confianza, sino que se traduce en mejores evaluaciones y hu\u00e9spedes que desean volver.<\/p>\n<p>[\/et_pb_toggle][\/et_pb_column][et_pb_column type=\u00bb1_3&#8243; _builder_version=\u00bb4.25.1&#8243; _module_preset=\u00bbdefault\u00bb global_colors_info=\u00bb{}\u00bb][et_pb_image src=\u00bbhttps:\/\/profithome.cl\/wp-content\/uploads\/2026\/05\/WhatsApp-Image-2026-05-02-at-20.11.59-1.jpeg\u00bb title_text=\u00bbtarifas\u00bb _builder_version=\u00bb4.27.6&#8243; _module_preset=\u00bbc8c809bd-1187-4b6e-86a0-bfe7cce7d726&#8243; custom_margin=\u00bb||||false|false\u00bb global_colors_info=\u00bb{}\u00bb][\/et_pb_image][et_pb_toggle title=\u00bbOptimizaci\u00f3n diaria de tarifas\u00bb open_toggle_text_color=\u00bb#000000&#8243; open_toggle_background_color=\u00bbRGBA(255,255,255,0)\u00bb closed_toggle_background_color=\u00bbRGBA(255,255,255,0)\u00bb icon_color=\u00bb#000000&#8243; _builder_version=\u00bb4.27.6&#8243; _module_preset=\u00bbdefault\u00bb title_text_color=\u00bb#000000&#8243; title_font=\u00bbUrbanist||||||||\u00bb title_text_align=\u00bbcenter\u00bb title_font_size=\u00bb18px\u00bb closed_title_font_size=\u00bb18px\u00bb border_width_all=\u00bb0px\u00bb global_colors_info=\u00bb{}\u00bb]<\/p>\n<p style=\"text-align: justify;\">Ajustamos los valores de tu propiedad d\u00eda a d\u00eda, en base a informaci\u00f3n real del mercado y al comportamiento de la demanda, con el objetivo de maximizar la ocupaci\u00f3n y lograr los mejores resultados financieros posibles.<\/p>\n<p>[\/et_pb_toggle][\/et_pb_column][\/et_pb_row][et_pb_row column_structure=\u00bb1_3,1_3,1_3&#8243; _builder_version=\u00bb4.25.1&#8243; _module_preset=\u00bbdefault\u00bb global_colors_info=\u00bb{}\u00bb][et_pb_column type=\u00bb1_3&#8243; _builder_version=\u00bb4.25.1&#8243; _module_preset=\u00bbdefault\u00bb global_colors_info=\u00bb{}\u00bb][et_pb_image src=\u00bbhttps:\/\/profithome.cl\/wp-content\/uploads\/2026\/05\/WhatsApp-Image-2026-05-02-at-20.11.59-2.jpeg\u00bb title_text=\u00bbnon-profit-08&#8243; _builder_version=\u00bb4.27.6&#8243; _module_preset=\u00bbc8c809bd-1187-4b6e-86a0-bfe7cce7d726&#8243; custom_margin=\u00bb||||false|false\u00bb global_colors_info=\u00bb{}\u00bb][\/et_pb_image][et_pb_toggle title=\u00bbNos encargamos de  toda la ropa de cama y ba\u00f1o\u00bb open_toggle_text_color=\u00bb#000000&#8243; open_toggle_background_color=\u00bbRGBA(255,255,255,0)\u00bb closed_toggle_background_color=\u00bbRGBA(255,255,255,0)\u00bb icon_color=\u00bb#000000&#8243; _builder_version=\u00bb4.27.6&#8243; _module_preset=\u00bbdefault\u00bb title_text_color=\u00bb#000000&#8243; title_font=\u00bbUrbanist||||||||\u00bb title_text_align=\u00bbcenter\u00bb title_font_size=\u00bb18px\u00bb closed_title_font_size=\u00bb18px\u00bb border_width_all=\u00bb0px\u00bb global_colors_info=\u00bb{}\u00bb]<\/p>\n<p style=\"text-align: justify;\">En ProfitHome nos encargamos completamente de la ropa de cama y ba\u00f1o, para que t\u00fa no tengas que invertir ni preocuparte por ese detalle.<br \/>Tu propiedad contar\u00e1 con ropa hotelera de calidad premium, incluida dentro de nuestro servicio. Adem\u00e1s, gestionamos todo el proceso de lavado, secado y planchado, asegurando blancos impecables, frescos y perfectamente presentados en cada estad\u00eda.<br \/>Cuidamos cada detalle para que tus hu\u00e9spedes vivan una experiencia c\u00f3moda, profesional y con est\u00e1ndar cinco estrellas.<\/p>\n<p>[\/et_pb_toggle][\/et_pb_column][et_pb_column type=\u00bb1_3&#8243; _builder_version=\u00bb4.25.1&#8243; _module_preset=\u00bbdefault\u00bb global_colors_info=\u00bb{}\u00bb][et_pb_image src=\u00bbhttps:\/\/profithome.cl\/wp-content\/uploads\/2026\/05\/29c8bfdb-afee-44b3-90db-42268dd00783.jpg\u00bb title_text=\u00bbfotografia\u00bb _builder_version=\u00bb4.27.6&#8243; _module_preset=\u00bbc8c809bd-1187-4b6e-86a0-bfe7cce7d726&#8243; custom_margin=\u00bb||||false|false\u00bb global_colors_info=\u00bb{}\u00bb][\/et_pb_image][et_pb_toggle title=\u00bbFotograf\u00eda Profesional Inmobiliaria\u00bb open_toggle_text_color=\u00bb#000000&#8243; open_toggle_background_color=\u00bbRGBA(255,255,255,0)\u00bb closed_toggle_background_color=\u00bbRGBA(255,255,255,0)\u00bb icon_color=\u00bb#000000&#8243; _builder_version=\u00bb4.27.6&#8243; _module_preset=\u00bbdefault\u00bb title_text_color=\u00bb#000000&#8243; title_font=\u00bbUrbanist||||||||\u00bb title_text_align=\u00bbcenter\u00bb title_font_size=\u00bb18px\u00bb closed_title_font_size=\u00bb18px\u00bb border_width_all=\u00bb0px\u00bb global_colors_info=\u00bb{}\u00bb]<\/p>\n<p style=\"text-align: justify;\">La primera impresi\u00f3n lo es todo. Por eso coordinamos una sesi\u00f3n con fot\u00f3grafo profesional especializado en propiedades, para destacar cada espacio, iluminaci\u00f3n y detalle de tu departamento.<br \/>El resultado: im\u00e1genes de alto impacto, pensadas para atraer m\u00e1s reservas y posicionar tu propiedad con una presentaci\u00f3n de nivel superior.<\/p>\n<p>[\/et_pb_toggle][\/et_pb_column][et_pb_column type=\u00bb1_3&#8243; _builder_version=\u00bb4.25.1&#8243; _module_preset=\u00bbdefault\u00bb global_colors_info=\u00bb{}\u00bb][\/et_pb_column][\/et_pb_row][\/et_pb_section][et_pb_section fb_built=\u00bb1&#8243; admin_label=\u00bbBlog\u00bb _builder_version=\u00bb4.27.6&#8243; _module_preset=\u00bbb2e98cf8-59df-4e39-9433-6e1d3089958d\u00bb collapsed=\u00bbon\u00bb][et_pb_row _builder_version=\u00bb4.25.1&#8243; _module_preset=\u00bbdefault\u00bb locked=\u00bboff\u00bb global_colors_info=\u00bb{}\u00bb][et_pb_column type=\u00bb4_4&#8243; _builder_version=\u00bb4.25.1&#8243; _module_preset=\u00bbdefault\u00bb global_colors_info=\u00bb{}\u00bb][et_pb_heading title=\u00bbPropiedades Administradas\u00bb module_id=\u00bbpropiedades\u00bb _builder_version=\u00bb4.27.6&#8243; _module_preset=\u00bbdde760e4-881f-4ca3-9a9d-8adac9346195&#8243; title_text_align=\u00bbcenter\u00bb global_colors_info=\u00bb{}\u00bb][\/et_pb_heading][\/et_pb_column][\/et_pb_row][et_pb_row _builder_version=\u00bb4.25.1&#8243; _module_preset=\u00bbdefault\u00bb global_colors_info=\u00bb{}\u00bb][et_pb_column type=\u00bb4_4&#8243; _builder_version=\u00bb4.25.1&#8243; _module_preset=\u00bbdefault\u00bb global_colors_info=\u00bb{}\u00bb][et_pb_blog posts_number=\u00bb3&#8243; show_pagination=\u00bboff\u00bb _builder_version=\u00bb4.25.2&#8243; _module_preset=\u00bbc7afb87d-04fc-4069-ac8d-e52eaef58d7e\u00bb global_colors_info=\u00bb{}\u00bb][\/et_pb_blog][\/et_pb_column][\/et_pb_row][\/et_pb_section]<\/p>\n","protected":false},"excerpt":{"rendered":"<p>Deja todo en nuestras manos y haz que tu propiedad trabaje por tiProfitHome nace con el prop\u00f3sito de ayudar a propietarios a obtener la m\u00e1xima rentabilidad de sus departamentos a trav\u00e9s de Airbnb, sin que tengan que preocuparse de nada.Nos especializamos en la administraci\u00f3n integral de propiedades para renta corta. Nuestro equipo profesional se encarga [&hellip;]<\/p>\n","protected":false},"author":1,"featured_media":0,"parent":0,"menu_order":0,"comment_status":"closed","ping_status":"closed","template":"","meta":{"_et_pb_use_builder":"on","_et_pb_old_content":"","_et_gb_content_width":"","footnotes":""},"class_list":["post-10","page","type-page","status-publish","hentry"],"_links":{"self":[{"href":"https:\/\/profithome.cl\/index.php?rest_route=\/wp\/v2\/pages\/10","targetHints":{"allow":["GET"]}}],"collection":[{"href":"https:\/\/profithome.cl\/index.php?rest_route=\/wp\/v2\/pages"}],"about":[{"href":"https:\/\/profithome.cl\/index.php?rest_route=\/wp\/v2\/types\/page"}],"author":[{"embeddable":true,"href":"https:\/\/profithome.cl\/index.php?rest_route=\/wp\/v2\/users\/1"}],"replies":[{"embeddable":true,"href":"https:\/\/profithome.cl\/index.php?rest_route=%2Fwp%2Fv2%2Fcomments&post=10"}],"version-history":[{"count":18,"href":"https:\/\/profithome.cl\/index.php?rest_route=\/wp\/v2\/pages\/10\/revisions"}],"predecessor-version":[{"id":96,"href":"https:\/\/profithome.cl\/index.php?rest_route=\/wp\/v2\/pages\/10\/revisions\/96"}],"wp:attachment":[{"href":"https:\/\/profithome.cl\/index.php?rest_route=%2Fwp%2Fv2%2Fmedia&parent=10"}],"curies":[{"name":"wp","href":"https:\/\/api.w.org\/{rel}","templated":true}]}}